{"id":356,"date":"2015-04-23T12:57:21","date_gmt":"2015-04-23T12:57:21","guid":{"rendered":"http:\/\/demo1.wprentals.org\/?page_id=356"},"modified":"2024-06-14T23:45:41","modified_gmt":"2024-06-14T23:45:41","slug":"terms-and-conditions","status":"publish","type":"page","link":"https:\/\/www.hospedajesinsite.com\/en\/terms-and-conditions\/","title":{"rendered":"Terms and Conditions"},"content":{"rendered":"<div class=\"vc_row wpb_row vc_row-fluid wpestate_row vc_row\"><div class=\"wpb_column vc_column_container vc_col-sm-12 vc_column\"><div class=\"vc_column-inner\"><div class=\"wpb_wrapper\">\n\t<div class=\"wpb_text_column wpb_content_element  vc_column_text\" >\n\t\t<div class=\"wpb_wrapper\">\n\t\t\t<p>Last updated: 23 April 2024<\/p>\n<p>Please read these terms and conditions carefully before using our website.<\/p>\n<p><strong>ACCEPTANCE OF THE TERMS<\/strong><\/p>\n<p>By accessing and using this website, you agree to be bound by these terms and conditions and all applicable laws and regulations. If you do not agree to any of these terms, please refrain from using our site.<\/p>\n<p><strong>USE OF SITE<\/strong><\/p>\n<p>This website is owned and operated by Hospedajes In Site. The purpose of this site is to provide information about our accommodation services and to facilitate the booking of accommodation.<\/p>\n<p><strong>RESERVATIONS<\/strong><\/p>\n<p>Reservations can be processed through our Web Portal.\u00a0<a href=\"https:\/\/www.hospedajesinsite.com\/en\/\">https:\/\/www.hospedajesinsite.com<\/a><\/p>\n<p>All prices are in Mexican Pesos and include 16% VAT (Value Added Tax) and 4% ISH (Lodging Tax).<\/p>\n<p>Hospedajes In Site accepts Visa, MasterCard and American Express credit\/debit card payments. The available payment options are displayed during the booking process on the website.<\/p>\n<p>Once your booking has been successfully completed, a booking confirmation will be issued and sent to the email address provided in your booking, which indicates general details of your booking.<\/p>\n<p><strong>CHECK-IN\/CHECK-OUT<\/strong><\/p>\n<p>check-in time is after 15:00 hrs.<\/p>\n<p>Check-out time is before 11:00 hrs.<\/p>\n<p><strong>SECURITY DEPOSIT<\/strong><\/p>\n<p>A deposit of $10,000.00 MXN is required as a guarantee and will be charged at the time of booking. It will be returned at the end of your stay after verifying compliance with the rules of the flat and these regulations.<\/p>\n<p><strong>CANCELLATION AND REFUND POLICY<\/strong><\/p>\n<p>If you wish to change or cancel your reservation, please contact us immediately by telephone or email.<\/p>\n<p><strong>PAYMENT ON WEBSITE<\/strong><\/p>\n<p>To enhance your experience and make your booking with security and simplicity, we currently have a payment gateway through Openpay.<\/p>\n<p>Payment Method<\/p>\n<p>Full payment: the total amount of the stay will be charged at the time of making the reservation.<\/p>\n<p>Payment Option<\/p>\n<p>The payment of the reservation can be made by any of the payment methods offered by the site, being these: credit card, debit card, bank transfer, payment in self-service and\/or convenience stores affiliated to the \"Openpay\" system.<\/p>\n<p><strong>PRIVACITY<\/strong><\/p>\n<p>We are committed to protecting your privacy. Any personal information you provide will be treated in accordance with our privacy policy.<\/p>\n<p><strong>INTELLECTUAL PROPERTY<\/strong><\/p>\n<p>The entire contents of this website, including but not limited to text, images, logos, graphics and software, are protected by copyright and other intellectual property laws. You agree to respect all intellectual property rights related to this website.<\/p>\n<p><strong>LIMITATION OF LIABILITY<\/strong><\/p>\n<p>To the maximum extent permitted by law, Hospedajes In Site shall not be liable for any direct, indirect, incidental, special or consequential damages arising out of the use or inability to use this website.<\/p>\n<p><strong>MODIFICATIONS TO THE TERMS<\/strong><\/p>\n<p>We reserve the right to change these terms and conditions at any time. Changes will be effective immediately upon posting on this website. You are advised to check this page periodically for any changes.<\/p>\n<p><strong>APPLICABLE LAW<\/strong><\/p>\n<p>These terms and conditions shall be governed by and construed in accordance with the laws of Mexico, without regard to its conflict of laws provisions.<\/p>\n<p>If you have any questions or concerns about these terms and conditions, please contact us.<\/p>\n\n\t\t<\/div>\n\t<\/div>\n<\/div><\/div><\/div><\/div>","protected":false},"excerpt":{"rendered":"\u00daltima actualizaci\u00f3n: 23 de abril de 2024 Por favor, lea atentamente estos t\u00e9rminos y condiciones antes de utilizar nuestro sitio web. ACEPTACI\u00d3N DE LOS T\u00c9RMINOS Al acceder y utilizar este sitio web, usted acepta estar sujeto a estos t\u00e9rminos y condiciones, as\u00ed como a todas las leyes y regulaciones aplicables. Si no est\u00e1 de acuerdo ...","protected":false},"author":1,"featured_media":0,"parent":0,"menu_order":0,"comment_status":"closed","ping_status":"closed","template":"terms_conditions.php","meta":{"_joinchat":[],"footnotes":""},"_links":{"self":[{"href":"https:\/\/www.hospedajesinsite.com\/en\/wp-json\/wp\/v2\/pages\/356"}],"collection":[{"href":"https:\/\/www.hospedajesinsite.com\/en\/wp-json\/wp\/v2\/pages"}],"about":[{"href":"https:\/\/www.hospedajesinsite.com\/en\/wp-json\/wp\/v2\/types\/page"}],"author":[{"embeddable":true,"href":"https:\/\/www.hospedajesinsite.com\/en\/wp-json\/wp\/v2\/users\/1"}],"replies":[{"embeddable":true,"href":"https:\/\/www.hospedajesinsite.com\/en\/wp-json\/wp\/v2\/comments?post=356"}],"version-history":[{"count":4,"href":"https:\/\/www.hospedajesinsite.com\/en\/wp-json\/wp\/v2\/pages\/356\/revisions"}],"predecessor-version":[{"id":38039,"href":"https:\/\/www.hospedajesinsite.com\/en\/wp-json\/wp\/v2\/pages\/356\/revisions\/38039"}],"wp:attachment":[{"href":"https:\/\/www.hospedajesinsite.com\/en\/wp-json\/wp\/v2\/media?parent=356"}],"curies":[{"name":"wp","href":"https:\/\/api.w.org\/{rel}","templated":true}]}}