{"id":35437,"date":"2021-11-30T00:32:38","date_gmt":"2021-11-30T00:32:38","guid":{"rendered":"https:\/\/www.hospedajesinsite.com\/?page_id=35437"},"modified":"2024-06-14T23:21:22","modified_gmt":"2024-06-14T23:21:22","slug":"servicios","status":"publish","type":"page","link":"https:\/\/www.hospedajesinsite.com\/en\/servicios\/","title":{"rendered":"Services"},"content":{"rendered":"<div data-elementor-type=\"wp-page\" data-elementor-id=\"35437\" class=\"elementor elementor-35437\">\n\t\t\t\t\t\t\t\t\t<section class=\"elementor-section elementor-top-section elementor-element elementor-element-e28d0e elementor-section-stretched elementor-section-full_width elementor-section-height-default elementor-section-height-default\" data-id=\"e28d0e\" data-element_type=\"section\" data-settings=\"{&quot;stretch_section&quot;:&quot;section-stretched&quot;}\">\n\t\t\t\t\t\t<div class=\"elementor-container elementor-column-gap-no\">\n\t\t\t\t\t<div class=\"elementor-column elementor-col-100 elementor-top-column elementor-element elementor-element-22edf7a3\" data-id=\"22edf7a3\" data-element_type=\"column\">\n\t\t\t<div class=\"elementor-widget-wrap elementor-element-populated\">\n\t\t\t\t\t\t\t\t\t<\/div>\n\t\t<\/div>\n\t\t\t\t\t\t\t<\/div>\n\t\t<\/section>\n\t\t\t\t<section class=\"elementor-section elementor-top-section elementor-element elementor-element-6eb6ff75 elementor-section-stretched elementor-section-full_width elementor-section-height-default elementor-section-height-default\" data-id=\"6eb6ff75\" data-element_type=\"section\" data-settings=\"{&quot;stretch_section&quot;:&quot;section-stretched&quot;}\">\n\t\t\t\t\t\t<div class=\"elementor-container elementor-column-gap-wide\">\n\t\t\t\t\t<div class=\"elementor-column elementor-col-100 elementor-top-column elementor-element elementor-element-3b032a4f\" data-id=\"3b032a4f\" data-element_type=\"column\">\n\t\t\t<div class=\"elementor-widget-wrap elementor-element-populated\">\n\t\t\t\t\t\t\t\t<div class=\"elementor-element elementor-element-2a487842 elementor-widget elementor-widget-heading\" data-id=\"2a487842\" data-element_type=\"widget\" id=\"dise\u00f1o\" data-widget_type=\"heading.default\">\n\t\t\t\t<div class=\"elementor-widget-container\">\n\t\t\t<style>\/*! elementor - v3.6.8 - 27-07-2022 *\/\n.elementor-heading-title{padding:0;margin:0;line-height:1}.elementor-widget-heading .elementor-heading-title[class*=elementor-size-]>a{color:inherit;font-size:inherit;line-height:inherit}.elementor-widget-heading .elementor-heading-title.elementor-size-small{font-size:15px}.elementor-widget-heading .elementor-heading-title.elementor-size-medium{font-size:19px}.elementor-widget-heading .elementor-heading-title.elementor-size-large{font-size:29px}.elementor-widget-heading .elementor-heading-title.elementor-size-xl{font-size:39px}.elementor-widget-heading .elementor-heading-title.elementor-size-xxl{font-size:59px}<\/style><h2 class=\"elementor-heading-title elementor-size-default\">Interior decoration<\/h2>\t\t<\/div>\n\t\t\t\t<\/div>\n\t\t\t\t<div class=\"elementor-element elementor-element-58098ee8 elementor-widget elementor-widget-heading\" data-id=\"58098ee8\" data-element_type=\"widget\" data-widget_type=\"heading.default\">\n\t\t\t\t<div class=\"elementor-widget-container\">\n\t\t\t<h2 class=\"elementor-heading-title elementor-size-large\">Do you have a property that you would like to decorate or change its decoration? Rely on us, we offer you the best option for this.\n<br><br>\nInterior designers are professionals who project their decoration ideas both as private residences and corporate workspaces. This professional has knowledge of perspective, ergonomics, proportion and lighting, whose aim is to create welcoming environments to meet the decorating needs of their clients.\n<br>\n<br>\nInterior decoration is responsible for improving the aesthetic appearance of a space. Creating harmony and visual beauty. The decorator is in charge of improving that space, but without modifying it. This is why this specialist can play with colours, lighting or rearrange the space so that it is more visual.<\/h2>\t\t<\/div>\n\t\t\t\t<\/div>\n\t\t\t\t\t<\/div>\n\t\t<\/div>\n\t\t\t\t\t\t\t<\/div>\n\t\t<\/section>\n\t\t\t\t<section class=\"elementor-section elementor-top-section elementor-element elementor-element-48569c4c elementor-section-full_width elementor-section-stretched elementor-section-height-default elementor-section-height-default\" data-id=\"48569c4c\" data-element_type=\"section\" data-settings=\"{&quot;stretch_section&quot;:&quot;section-stretched&quot;}\">\n\t\t\t\t\t\t<div class=\"elementor-container elementor-column-gap-no\">\n\t\t\t\t\t<div class=\"elementor-column elementor-col-50 elementor-top-column elementor-element elementor-element-27a26982\" data-id=\"27a26982\" data-element_type=\"column\">\n\t\t\t<div class=\"elementor-widget-wrap elementor-element-populated\">\n\t\t\t\t\t\t\t\t<div class=\"elementor-element elementor-element-63dbe616 elementor-widget elementor-widget-image\" data-id=\"63dbe616\" data-element_type=\"widget\" data-widget_type=\"image.default\">\n\t\t\t\t<div class=\"elementor-widget-container\">\n\t\t\t<style>\/*! elementor - v3.6.8 - 27-07-2022 *\/\n.elementor-widget-image{text-align:center}.elementor-widget-image a{display:inline-block}.elementor-widget-image a img[src$=\".svg\"]{width:48px}.elementor-widget-image img{vertical-align:middle;display:inline-block}<\/style>\t\t\t\t\t\t\t\t\t\t\t\t<img loading=\"lazy\" decoding=\"async\" width=\"1\" height=\"1\" src=\"https:\/\/www.hospedajesinsite.com\/wp-content\/uploads\/2021\/11\/1.png\" class=\"attachment-medium_large size-medium_large\" alt=\"\" \/>\t\t\t\t\t\t\t\t\t\t\t\t\t\t\t<\/div>\n\t\t\t\t<\/div>\n\t\t\t\t<div class=\"elementor-element elementor-element-1f4c4eed elementor-widget elementor-widget-image\" data-id=\"1f4c4eed\" data-element_type=\"widget\" data-widget_type=\"image.default\">\n\t\t\t\t<div class=\"elementor-widget-container\">\n\t\t\t\t\t\t\t\t\t\t\t\t\t\t\t<img loading=\"lazy\" decoding=\"async\" width=\"768\" height=\"925\" src=\"https:\/\/www.hospedajesinsite.com\/wp-content\/uploads\/2021\/11\/1-1-768x925.png\" class=\"attachment-medium_large size-medium_large\" alt=\"\" srcset=\"https:\/\/www.hospedajesinsite.com\/wp-content\/uploads\/2021\/11\/1-1-768x925.png 768w, https:\/\/www.hospedajesinsite.com\/wp-content\/uploads\/2021\/11\/1-1-600x722.png 600w, https:\/\/www.hospedajesinsite.com\/wp-content\/uploads\/2021\/11\/1-1-249x300.png 249w, https:\/\/www.hospedajesinsite.com\/wp-content\/uploads\/2021\/11\/1-1-850x1024.png 850w, https:\/\/www.hospedajesinsite.com\/wp-content\/uploads\/2021\/11\/1-1-1276x1536.png 1276w, https:\/\/www.hospedajesinsite.com\/wp-content\/uploads\/2021\/11\/1-1.png 1500w\" sizes=\"(max-width: 768px) 100vw, 768px\" \/>\t\t\t\t\t\t\t\t\t\t\t\t\t\t\t<\/div>\n\t\t\t\t<\/div>\n\t\t\t\t\t<\/div>\n\t\t<\/div>\n\t\t\t\t<div class=\"elementor-column elementor-col-50 elementor-top-column elementor-element elementor-element-fb0b49\" data-id=\"fb0b49\" data-element_type=\"column\">\n\t\t\t<div class=\"elementor-widget-wrap elementor-element-populated\">\n\t\t\t\t\t\t\t\t<div class=\"elementor-element elementor-element-55314682 elementor-widget elementor-widget-heading\" data-id=\"55314682\" data-element_type=\"widget\" data-widget_type=\"heading.default\">\n\t\t\t\t<div class=\"elementor-widget-container\">\n\t\t\t<h3 class=\"elementor-heading-title elementor-size-medium\">Industrial style.<\/h3>\t\t<\/div>\n\t\t\t\t<\/div>\n\t\t\t\t<div class=\"elementor-element elementor-element-64b11ef6 elementor-widget elementor-widget-heading\" data-id=\"64b11ef6\" data-element_type=\"widget\" data-widget_type=\"heading.default\">\n\t\t\t\t<div class=\"elementor-widget-container\">\n\t\t\t<h2 class=\"elementor-heading-title elementor-size-default\">The industrial style in interior design, as the name suggests, is inspired by a warehouse or urban loft, is inspired by a warehouse or urban loft. The key to industrial style interior design is to proudly display the building materials that many try to hide. It is one of the most special interior design styles.<\/h2>\t\t<\/div>\n\t\t\t\t<\/div>\n\t\t\t\t\t<\/div>\n\t\t<\/div>\n\t\t\t\t\t\t\t<\/div>\n\t\t<\/section>\n\t\t\t\t<section class=\"elementor-section elementor-top-section elementor-element elementor-element-7fe9fd8a elementor-section-full_width elementor-section-stretched elementor-section-height-default elementor-section-height-default\" data-id=\"7fe9fd8a\" data-element_type=\"section\" data-settings=\"{&quot;stretch_section&quot;:&quot;section-stretched&quot;}\">\n\t\t\t\t\t\t<div class=\"elementor-container elementor-column-gap-wider\">\n\t\t\t\t\t<div class=\"elementor-column elementor-col-50 elementor-top-column elementor-element elementor-element-7d098e0e\" data-id=\"7d098e0e\" data-element_type=\"column\">\n\t\t\t<div class=\"elementor-widget-wrap elementor-element-populated\">\n\t\t\t\t\t\t\t\t<div class=\"elementor-element elementor-element-64b4e52e elementor-widget elementor-widget-heading\" data-id=\"64b4e52e\" data-element_type=\"widget\" data-widget_type=\"heading.default\">\n\t\t\t\t<div class=\"elementor-widget-container\">\n\t\t\t<h3 class=\"elementor-heading-title elementor-size-medium\">Contemporary style.<\/h3>\t\t<\/div>\n\t\t\t\t<\/div>\n\t\t\t\t<div class=\"elementor-element elementor-element-114f90c9 elementor-widget elementor-widget-heading\" data-id=\"114f90c9\" data-element_type=\"widget\" data-widget_type=\"heading.default\">\n\t\t\t\t<div class=\"elementor-widget-container\">\n\t\t\t<h2 class=\"elementor-heading-title elementor-size-default\">If you like to keep up with the styles of the moment, you are a follower of contemporary style. Today's homes, contemporary interiors, are comfortable and cosy, without being cluttered and dark.<br><br>Fundamentally, a contemporary style in interior design is defined by simplicity, subtle sophistication, deliberate use of texture and clean lines. Interiors tend to showcase space rather than things. By focusing on colour, space and form, contemporary style interiors are elegant and fresh.<\/h2>\t\t<\/div>\n\t\t\t\t<\/div>\n\t\t\t\t\t<\/div>\n\t\t<\/div>\n\t\t\t\t<div class=\"elementor-column elementor-col-50 elementor-top-column elementor-element elementor-element-232d6e96\" data-id=\"232d6e96\" data-element_type=\"column\">\n\t\t\t<div class=\"elementor-widget-wrap elementor-element-populated\">\n\t\t\t\t\t\t\t\t<div class=\"elementor-element elementor-element-be7b29c elementor-widget elementor-widget-image\" data-id=\"be7b29c\" data-element_type=\"widget\" data-widget_type=\"image.default\">\n\t\t\t\t<div class=\"elementor-widget-container\">\n\t\t\t\t\t\t\t\t\t\t\t\t\t\t\t<img loading=\"lazy\" decoding=\"async\" width=\"768\" height=\"960\" src=\"https:\/\/www.hospedajesinsite.com\/wp-content\/uploads\/2021\/11\/2-1-768x960.png\" class=\"attachment-medium_large size-medium_large\" alt=\"\" srcset=\"https:\/\/www.hospedajesinsite.com\/wp-content\/uploads\/2021\/11\/2-1-768x960.png 768w, https:\/\/www.hospedajesinsite.com\/wp-content\/uploads\/2021\/11\/2-1-600x750.png 600w, https:\/\/www.hospedajesinsite.com\/wp-content\/uploads\/2021\/11\/2-1-240x300.png 240w, https:\/\/www.hospedajesinsite.com\/wp-content\/uploads\/2021\/11\/2-1-819x1024.png 819w, https:\/\/www.hospedajesinsite.com\/wp-content\/uploads\/2021\/11\/2-1-1229x1536.png 1229w, https:\/\/www.hospedajesinsite.com\/wp-content\/uploads\/2021\/11\/2-1.png 1564w\" sizes=\"(max-width: 768px) 100vw, 768px\" \/>\t\t\t\t\t\t\t\t\t\t\t\t\t\t\t<\/div>\n\t\t\t\t<\/div>\n\t\t\t\t\t<\/div>\n\t\t<\/div>\n\t\t\t\t\t\t\t<\/div>\n\t\t<\/section>\n\t\t\t\t<section class=\"elementor-section elementor-top-section elementor-element elementor-element-91eb7af elementor-section-full_width elementor-section-height-default elementor-section-height-default\" data-id=\"91eb7af\" data-element_type=\"section\">\n\t\t\t\t\t\t<div class=\"elementor-container elementor-column-gap-default\">\n\t\t\t\t\t<div class=\"elementor-column elementor-col-100 elementor-top-column elementor-element elementor-element-84382b8\" data-id=\"84382b8\" data-element_type=\"column\">\n\t\t\t<div class=\"elementor-widget-wrap elementor-element-populated\">\n\t\t\t\t\t\t\t\t<div class=\"elementor-element elementor-element-9340990 elementor-widget elementor-widget-spacer\" data-id=\"9340990\" data-element_type=\"widget\" data-widget_type=\"spacer.default\">\n\t\t\t\t<div class=\"elementor-widget-container\">\n\t\t\t<style>\/*! elementor - v3.6.8 - 27-07-2022 *\/\n.e-container.e-container--row .elementor-spacer-inner{width:var(--spacer-size)}.e-container.e-container--column .elementor-spacer-inner,.elementor-column .elementor-spacer-inner{height:var(--spacer-size)}<\/style>\t\t<div class=\"elementor-spacer\">\n\t\t\t<div class=\"elementor-spacer-inner\"><\/div>\n\t\t<\/div>\n\t\t\t\t<\/div>\n\t\t\t\t<\/div>\n\t\t\t\t\t<\/div>\n\t\t<\/div>\n\t\t\t\t\t\t\t<\/div>\n\t\t<\/section>\n\t\t\t\t<section class=\"elementor-section elementor-top-section elementor-element elementor-element-74ed8899 elementor-section-full_width elementor-section-stretched elementor-section-height-default elementor-section-height-default\" data-id=\"74ed8899\" data-element_type=\"section\" data-settings=\"{&quot;stretch_section&quot;:&quot;section-stretched&quot;}\">\n\t\t\t\t\t\t<div class=\"elementor-container elementor-column-gap-no\">\n\t\t\t\t\t<div class=\"elementor-column elementor-col-50 elementor-top-column elementor-element elementor-element-60c906dc\" data-id=\"60c906dc\" data-element_type=\"column\">\n\t\t\t<div class=\"elementor-widget-wrap elementor-element-populated\">\n\t\t\t\t\t\t\t\t<div class=\"elementor-element elementor-element-e118c4b elementor-widget elementor-widget-image\" data-id=\"e118c4b\" data-element_type=\"widget\" data-widget_type=\"image.default\">\n\t\t\t\t<div class=\"elementor-widget-container\">\n\t\t\t\t\t\t\t\t\t\t\t\t\t\t\t<img loading=\"lazy\" decoding=\"async\" width=\"768\" height=\"1170\" src=\"https:\/\/www.hospedajesinsite.com\/wp-content\/uploads\/2021\/11\/3-768x1170.png\" class=\"attachment-medium_large size-medium_large\" alt=\"\" srcset=\"https:\/\/www.hospedajesinsite.com\/wp-content\/uploads\/2021\/11\/3-768x1170.png 768w, https:\/\/www.hospedajesinsite.com\/wp-content\/uploads\/2021\/11\/3-600x914.png 600w, https:\/\/www.hospedajesinsite.com\/wp-content\/uploads\/2021\/11\/3-197x300.png 197w, https:\/\/www.hospedajesinsite.com\/wp-content\/uploads\/2021\/11\/3-672x1024.png 672w, https:\/\/www.hospedajesinsite.com\/wp-content\/uploads\/2021\/11\/3-1008x1536.png 1008w, https:\/\/www.hospedajesinsite.com\/wp-content\/uploads\/2021\/11\/3.png 1124w\" sizes=\"(max-width: 768px) 100vw, 768px\" \/>\t\t\t\t\t\t\t\t\t\t\t\t\t\t\t<\/div>\n\t\t\t\t<\/div>\n\t\t\t\t\t<\/div>\n\t\t<\/div>\n\t\t\t\t<div class=\"elementor-column elementor-col-50 elementor-top-column elementor-element elementor-element-12e38da\" data-id=\"12e38da\" data-element_type=\"column\">\n\t\t\t<div class=\"elementor-widget-wrap elementor-element-populated\">\n\t\t\t\t\t\t\t\t<div class=\"elementor-element elementor-element-3c92f3fa elementor-widget elementor-widget-heading\" data-id=\"3c92f3fa\" data-element_type=\"widget\" data-widget_type=\"heading.default\">\n\t\t\t\t<div class=\"elementor-widget-container\">\n\t\t\t<h3 class=\"elementor-heading-title elementor-size-medium\">Minimalist style.<\/h3>\t\t<\/div>\n\t\t\t\t<\/div>\n\t\t\t\t<div class=\"elementor-element elementor-element-20d30b37 elementor-widget elementor-widget-heading\" data-id=\"20d30b37\" data-element_type=\"widget\" data-widget_type=\"heading.default\">\n\t\t\t\t<div class=\"elementor-widget-container\">\n\t\t\t<h2 class=\"elementor-heading-title elementor-size-default\">After making its mark on the design scene and understandably never fading as a major style moment in the early 1990s, minimalist interior design styling is often a foolproof route to creating a warm and nuanced home that is worth investing in and will never go out of fashion or out of trend thanks to practical and well-judged approaches. The main mantra of minimalist home styling is simplicity, elegant and fresh.<\/h2>\t\t<\/div>\n\t\t\t\t<\/div>\n\t\t\t\t\t<\/div>\n\t\t<\/div>\n\t\t\t\t\t\t\t<\/div>\n\t\t<\/section>\n\t\t\t\t<section class=\"elementor-section elementor-top-section elementor-element elementor-element-328899aa elementor-section-stretched elementor-section-full_width elementor-section-height-default elementor-section-height-default\" data-id=\"328899aa\" data-element_type=\"section\" data-settings=\"{&quot;stretch_section&quot;:&quot;section-stretched&quot;}\">\n\t\t\t\t\t\t<div class=\"elementor-container elementor-column-gap-wide\">\n\t\t\t\t\t<div class=\"elementor-column elementor-col-100 elementor-top-column elementor-element elementor-element-67d62a86\" data-id=\"67d62a86\" data-element_type=\"column\">\n\t\t\t<div class=\"elementor-widget-wrap elementor-element-populated\">\n\t\t\t\t\t\t\t\t<div class=\"elementor-element elementor-element-6eed914 elementor-widget elementor-widget-progress\" data-id=\"6eed914\" data-element_type=\"widget\" data-widget_type=\"progress.default\">\n\t\t\t\t<div class=\"elementor-widget-container\">\n\t\t\t<style>\/*! elementor - v3.6.8 - 27-07-2022 *\/\n.elementor-widget-progress{text-align:left}.elementor-progress-wrapper{position:relative;background-color:#eee;color:#fff;height:100%;border-radius:2px}.elementor-progress-bar{display:-webkit-box;display:-ms-flexbox;display:flex;background-color:#818a91;width:0;font-size:11px;height:30px;line-height:30px;border-radius:2px;-webkit-transition:width 1s ease-in-out;-o-transition:width 1s ease-in-out;transition:width 1s ease-in-out}.elementor-progress-text{-webkit-box-flex:1;-ms-flex-positive:1;flex-grow:1;white-space:nowrap;-o-text-overflow:ellipsis;text-overflow:ellipsis;overflow:hidden;padding-left:15px}.elementor-progress-percentage{padding-right:15px}.elementor-widget-progress .elementor-progress-wrapper.progress-info .elementor-progress-bar{background-color:#5bc0de}.elementor-widget-progress .elementor-progress-wrapper.progress-success .elementor-progress-bar{background-color:#5cb85c}.elementor-widget-progress .elementor-progress-wrapper.progress-warning .elementor-progress-bar{background-color:#f0ad4e}.elementor-widget-progress .elementor-progress-wrapper.progress-danger .elementor-progress-bar{background-color:#d9534f}.elementor-progress .elementor-title{display:block}@media (max-width:767px){.elementor-progress-text{padding-left:10px}}<\/style>\n\t\t<div class=\"elementor-progress-wrapper\" role=\"progressbar\" aria-valuemin=\"0\" aria-valuemax=\"100\" aria-valuenow=\"100\" aria-valuetext=\"\">\n\t\t\t<div class=\"elementor-progress-bar\" data-max=\"100\">\n\t\t\t\t<span class=\"elementor-progress-text\"><\/span>\n\t\t\t\t\t\t\t<\/div>\n\t\t<\/div>\n\t\t\t\t<\/div>\n\t\t\t\t<\/div>\n\t\t\t\t<div class=\"elementor-element elementor-element-34db2fc2 elementor-widget elementor-widget-heading\" data-id=\"34db2fc2\" data-element_type=\"widget\" id=\"administracion\" data-widget_type=\"heading.default\">\n\t\t\t\t<div class=\"elementor-widget-container\">\n\t\t\t<h2 class=\"elementor-heading-title elementor-size-default\">Real estate<\/h2>\t\t<\/div>\n\t\t\t\t<\/div>\n\t\t\t\t\t<\/div>\n\t\t<\/div>\n\t\t\t\t\t\t\t<\/div>\n\t\t<\/section>\n\t\t\t\t<section class=\"elementor-section elementor-top-section elementor-element elementor-element-2eea0e22 elementor-section-full_width elementor-section-stretched elementor-section-height-default elementor-section-height-default\" data-id=\"2eea0e22\" data-element_type=\"section\" data-settings=\"{&quot;stretch_section&quot;:&quot;section-stretched&quot;}\">\n\t\t\t\t\t\t<div class=\"elementor-container elementor-column-gap-no\">\n\t\t\t\t\t<div class=\"elementor-column elementor-col-50 elementor-top-column elementor-element elementor-element-2afd756a\" data-id=\"2afd756a\" data-element_type=\"column\">\n\t\t\t<div class=\"elementor-widget-wrap elementor-element-populated\">\n\t\t\t\t\t\t\t\t<div class=\"elementor-element elementor-element-1efd7327 elementor-widget elementor-widget-heading\" data-id=\"1efd7327\" data-element_type=\"widget\" data-widget_type=\"heading.default\">\n\t\t\t\t<div class=\"elementor-widget-container\">\n\t\t\t<h1 class=\"elementor-heading-title elementor-size-xxl\">* We promote your properties for RENT or SALE.\n<br><br>\n* If your property is available for RENT and has a strategic location near corporate or tourist sites, our company will rent it directly to you. We guarantee timely payments covering the profile with any legal policy.\n<br><br>\n* We have accommodation management services for accommodation.<\/h1>\t\t<\/div>\n\t\t\t\t<\/div>\n\t\t\t\t<div class=\"elementor-element elementor-element-004332e elementor-widget elementor-widget-heading\" data-id=\"004332e\" data-element_type=\"widget\" data-widget_type=\"heading.default\">\n\t\t\t\t<div class=\"elementor-widget-container\">\n\t\t\t<h1 class=\"elementor-heading-title elementor-size-xxl\"><b>Contact us <\/b>  <i class=\"fa fa-whatsapp\"><\/i><\/h1>\t\t<\/div>\n\t\t\t\t<\/div>\n\t\t\t\t\t<\/div>\n\t\t<\/div>\n\t\t\t\t<div class=\"elementor-column elementor-col-50 elementor-top-column elementor-element elementor-element-286880af\" data-id=\"286880af\" data-element_type=\"column\">\n\t\t\t<div class=\"elementor-widget-wrap elementor-element-populated\">\n\t\t\t\t\t\t\t\t<div class=\"elementor-element elementor-element-bfccb25 elementor-widget elementor-widget-image\" data-id=\"bfccb25\" data-element_type=\"widget\" data-widget_type=\"image.default\">\n\t\t\t\t<div class=\"elementor-widget-container\">\n\t\t\t\t\t\t\t\t\t\t\t\t\t\t\t<img loading=\"lazy\" decoding=\"async\" width=\"768\" height=\"520\" src=\"https:\/\/www.hospedajesinsite.com\/wp-content\/uploads\/2021\/11\/4-1-768x520.png\" class=\"attachment-medium_large size-medium_large\" alt=\"\" srcset=\"https:\/\/www.hospedajesinsite.com\/wp-content\/uploads\/2021\/11\/4-1-768x520.png 768w, https:\/\/www.hospedajesinsite.com\/wp-content\/uploads\/2021\/11\/4-1-600x406.png 600w, https:\/\/www.hospedajesinsite.com\/wp-content\/uploads\/2021\/11\/4-1-300x203.png 300w, https:\/\/www.hospedajesinsite.com\/wp-content\/uploads\/2021\/11\/4-1-1024x693.png 1024w, https:\/\/www.hospedajesinsite.com\/wp-content\/uploads\/2021\/11\/4-1.png 1200w\" sizes=\"(max-width: 768px) 100vw, 768px\" \/>\t\t\t\t\t\t\t\t\t\t\t\t\t\t\t<\/div>\n\t\t\t\t<\/div>\n\t\t\t\t\t<\/div>\n\t\t<\/div>\n\t\t\t\t\t\t\t<\/div>\n\t\t<\/section>\n\t\t\t\t\t\t\t<\/div>","protected":false},"excerpt":{"rendered":"<p>Decoraci\u00f3n de interiores \u00bfTienes un inmueble que quisieras decorar o cambiar su decoraci\u00f3n? Ap\u00f3yate en nosotros, te ofrecemos la mejor opci\u00f3n para ello. Los dise\u00f1adores de interiores son profesionales que proyectan sus ideas de decoraci\u00f3n tanto como residencias privadas como espacios corporativos de trabajo. Este profesional tiene conocimientos sobre perspectiva, ergonom\u00eda, proporci\u00f3n e iluminaci\u00f3n, cuyo &#8230;<\/p>","protected":false},"author":1,"featured_media":0,"parent":0,"menu_order":0,"comment_status":"closed","ping_status":"closed","template":"","meta":{"_joinchat":[],"footnotes":""},"_links":{"self":[{"href":"https:\/\/www.hospedajesinsite.com\/en\/wp-json\/wp\/v2\/pages\/35437"}],"collection":[{"href":"https:\/\/www.hospedajesinsite.com\/en\/wp-json\/wp\/v2\/pages"}],"about":[{"href":"https:\/\/www.hospedajesinsite.com\/en\/wp-json\/wp\/v2\/types\/page"}],"author":[{"embeddable":true,"href":"https:\/\/www.hospedajesinsite.com\/en\/wp-json\/wp\/v2\/users\/1"}],"replies":[{"embeddable":true,"href":"https:\/\/www.hospedajesinsite.com\/en\/wp-json\/wp\/v2\/comments?post=35437"}],"version-history":[{"count":91,"href":"https:\/\/www.hospedajesinsite.com\/en\/wp-json\/wp\/v2\/pages\/35437\/revisions"}],"predecessor-version":[{"id":38033,"href":"https:\/\/www.hospedajesinsite.com\/en\/wp-json\/wp\/v2\/pages\/35437\/revisions\/38033"}],"wp:attachment":[{"href":"https:\/\/www.hospedajesinsite.com\/en\/wp-json\/wp\/v2\/media?parent=35437"}],"curies":[{"name":"wp","href":"https:\/\/api.w.org\/{rel}","templated":true}]}}